{"id":1216,"date":"2018-09-29T22:57:07","date_gmt":"2018-09-29T22:57:07","guid":{"rendered":"http:\/\/deport.com.br\/site\/?page_id=1216"},"modified":"2018-11-22T12:18:59","modified_gmt":"2018-11-22T12:18:59","slug":"servicos","status":"publish","type":"page","link":"https:\/\/deport.com.br\/site\/servicos\/","title":{"rendered":"Servi\u00e7os"},"content":{"rendered":"[vc_row type=&#8221;in_container&#8221; full_screen_row_position=&#8221;middle&#8221; scene_position=&#8221;center&#8221; text_color=&#8221;dark&#8221; text_align=&#8221;left&#8221; overlay_strength=&#8221;0.3&#8243; shape_divider_position=&#8221;bottom&#8221; shape_type=&#8221;&#8221;][vc_column enable_animation=&#8221;true&#8221; animation=&#8221;fade-in&#8221; column_padding=&#8221;no-extra-padding&#8221; column_padding_position=&#8221;all&#8221; background_color_opacity=&#8221;1&#8243; background_hover_color_opacity=&#8221;1&#8243; column_link_target=&#8221;_self&#8221; column_shadow=&#8221;none&#8221; column_border_radius=&#8221;none&#8221; width=&#8221;1\/1&#8243; tablet_width_inherit=&#8221;default&#8221; tablet_text_alignment=&#8221;default&#8221; phone_text_alignment=&#8221;default&#8221; column_border_width=&#8221;none&#8221; column_border_style=&#8221;solid&#8221;]<div data-midnight=\"nectar-slider\" class=\"parallax_slider_outer \" style=\"min-height: 220px; height: calc( 220 * 100vw \/ 1600 );\"><div  data-transition=\"slide\" data-overall_style=\"classic\" data-flexible-height=\"true\" data-animate-in-effect=\"none\" data-fullscreen=\"false\" data-button-sizing=\"regular\" data-button-styling=\"btn_with_count\" data-autorotate=\"\" data-parallax=\"true\" data-parallax-disable-mobile=\"\" data-caption-trans=\"fade_in_from_bottom\" data-parallax-style=\"bg_only\" data-bg-animation=\"none\" data-full-width=\"true\" class=\"nectar-slider-wrap \" id=\"ns-id-6a0711751771e\" style=\"min-height: 220px; height: calc( 220 * 100vw \/ 1600 );\"><div class=\"swiper-container\" style=\"min-height: 220px; height: calc( 220 * 100vw \/ 1600 );\"  data-tho=\"32\" data-tco=\"14\" data-pho=\"32\" data-pco=\"14\" data-loop=\"false\" data-height=\"220\" data-min-height=\"220\" data-arrows=\"false\" data-bullets=\"false\" data-bullet_style=\"see_through\" data-bullet_position=\"bottom\" data-desktop-swipe=\"true\" data-settings=\"\"> <div class=\"swiper-wrapper\"><div class=\"swiper-slide\" data-desktop-content-width=\"auto\" data-tablet-content-width=\"auto\" data-bg-alignment=\"center\" data-color-scheme=\"light\" data-x-pos=\"centered\" data-y-pos=\"middle\" style=\"min-height: 220px; height: calc( 220 * 100vw \/ 1600 );\"> \n\t\t\t\t\t\t\t\t<div class=\"slide-bg-wrap\"><div class=\"image-bg\" style=\"background-image: url(https:\/\/deport.com.br\/site\/wp-content\/uploads\/2018\/09\/servicos.jpg);\"> &nbsp; <\/div><div class=\"slide-bg-overlay\" style=\"background-color: #0c0c0c;\"> &nbsp; <\/div><\/div><div class=\"container\">\n\t\t\t\t\t\t\t\t\t<div class=\"content\"><h2>SERVI\u00c7OS<\/h2><p  ><span>A Deport Contabilidade est\u00e1 h\u00e1 mais de 50 anos no mercado. Busca na informa\u00e7\u00e3o<br \/>cont\u00e1bil a base do controle gerencial e do planejamento tribut\u00e1rio.<\/span><\/p><\/div>\n\t\t\t\t\t\t\t\t<\/div><!--\/container--><div class=\"video-texture \"> <span class=\"ie-fix\"><\/span> <\/div><\/div> <!--\/swiper-slide--><\/div><div class=\"nectar-slider-loading \"> <span class=\"loading-icon none\">   <\/span> <\/div> <\/div> \n\t\t\t\t\n\t\t\t<\/div><\/div>[\/vc_column][\/vc_row][vc_row type=&#8221;full_width_content&#8221; full_screen_row_position=&#8221;middle&#8221; scene_position=&#8221;center&#8221; text_color=&#8221;dark&#8221; text_align=&#8221;left&#8221; top_padding=&#8221;40&#8243; bottom_padding=&#8221;8&#8243; overlay_strength=&#8221;0.3&#8243; shape_divider_position=&#8221;bottom&#8221; shape_type=&#8221;&#8221;][vc_column boxed=&#8221;true&#8221; column_padding=&#8221;padding-7-percent&#8221; column_padding_position=&#8221;all&#8221; background_color=&#8221;#ebebeb&#8221; background_color_opacity=&#8221;1&#8243; background_hover_color_opacity=&#8221;1&#8243; column_link_target=&#8221;_self&#8221; column_shadow=&#8221;none&#8221; column_border_radius=&#8221;5px&#8221; top_margin=&#8221;0&#8243; bottom_margin=&#8221;0&#8243; width=&#8221;1\/2&#8243; tablet_width_inherit=&#8221;default&#8221; tablet_text_alignment=&#8221;default&#8221; phone_text_alignment=&#8221;default&#8221; column_border_width=&#8221;8px&#8221; column_border_color=&#8221;#f8f8f8&#8243;]<div class=\"iwithtext\"><div class=\"iwt-icon\"> <i class=\"icon-default-style icon-usd extra-color-2\"><\/i> <\/div><div class=\"iwt-text\"> \n<h3>Diagn\u00f3stico e apresenta\u00e7\u00e3o de solu\u00e7\u00f5es<\/h3>\n<p><em>A Deport Contabilidade avalia a estrutura social mais adequada, visando a minimiza\u00e7\u00e3o dos custos operacionais e tribut\u00e1rios. Al\u00e9m disso, realiza os mais diversos servi\u00e7os relacionados \u00e0 forma\u00e7\u00e3o ou dissolu\u00e7\u00e3o de empresa.<\/em><\/p>\n<p><strong style=\"color: #9a9a9a;\">\u2022 CONSTITUI\u00c7\u00c3O DE EMPRESAS<\/strong><br \/>\n<strong style=\"color: #9a9a9a;\">\u2022 ALTERA\u00c7\u00d5ES<\/strong><br \/>\n<strong style=\"color: #9a9a9a;\">\u2022 DISSOLU\u00c7\u00d5ES<\/strong> <\/div><div class=\"clear\"><\/div><\/div>[\/vc_column][vc_column column_padding=&#8221;padding-7-percent&#8221; column_padding_position=&#8221;all&#8221; background_color=&#8221;#ebebeb&#8221; background_color_opacity=&#8221;1&#8243; background_hover_color_opacity=&#8221;1&#8243; column_link_target=&#8221;_self&#8221; column_shadow=&#8221;none&#8221; column_border_radius=&#8221;5px&#8221; width=&#8221;1\/2&#8243; tablet_width_inherit=&#8221;default&#8221; tablet_text_alignment=&#8221;default&#8221; phone_text_alignment=&#8221;default&#8221; column_border_width=&#8221;8px&#8221; column_border_color=&#8221;#f8f8f8&#8243;]<div class=\"iwithtext\"><div class=\"iwt-icon\"> <i class=\"icon-default-style icon-laptop extra-color-2\"><\/i> <\/div><div class=\"iwt-text\"> \n<h3>An\u00e1lise dos processos<\/h3>\n<p><em>A Deport Contabilidade executa servi\u00e7os cont\u00e1beis que abrangem desde a simples contabiliza\u00e7\u00e3o dos documentos at\u00e9 a elabora\u00e7\u00e3o de relat\u00f3rios, para fins gerenciais, que possam servir de ferramenta para a tomada de decis\u00f5es de seus clientes.<\/em><\/p>\n<p><strong style=\"color: #9a9a9a;\">\u2022 BALANCETES MENSAIS<\/strong><br \/>\n<strong style=\"color: #9a9a9a;\">\u2022 BALAN\u00c7O PATRIMONIAL<\/strong><br \/>\n<strong style=\"color: #9a9a9a;\">\u2022 DIPJ<\/strong><br \/>\n<strong style=\"color: #9a9a9a;\">\u2022 RELAT\u00d3RIO GERENCIAIS<\/strong> <\/div><div class=\"clear\"><\/div><\/div>[\/vc_column][\/vc_row][vc_row type=&#8221;full_width_content&#8221; full_screen_row_position=&#8221;middle&#8221; scene_position=&#8221;center&#8221; text_color=&#8221;dark&#8221; text_align=&#8221;left&#8221; top_padding=&#8221;0&#8243; bottom_padding=&#8221;40&#8243; overlay_strength=&#8221;0.3&#8243; shape_divider_position=&#8221;bottom&#8221; shape_type=&#8221;&#8221;][vc_column boxed=&#8221;true&#8221; column_padding=&#8221;padding-7-percent&#8221; column_padding_position=&#8221;all&#8221; background_color=&#8221;#ebebeb&#8221; background_color_opacity=&#8221;1&#8243; background_hover_color_opacity=&#8221;1&#8243; column_link_target=&#8221;_self&#8221; column_shadow=&#8221;none&#8221; column_border_radius=&#8221;5px&#8221; top_margin=&#8221;0&#8243; bottom_margin=&#8221;0&#8243; width=&#8221;1\/2&#8243; tablet_width_inherit=&#8221;default&#8221; tablet_text_alignment=&#8221;default&#8221; phone_text_alignment=&#8221;default&#8221; column_border_width=&#8221;8px&#8221; column_border_color=&#8221;#f8f8f8&#8243;]<div class=\"iwithtext\"><div class=\"iwt-icon\"> <i class=\"icon-default-style icon-file-text extra-color-2\"><\/i> <\/div><div class=\"iwt-text\"> \n<h3>Atualiza\u00e7\u00e3o constante<\/h3>\n<p><em>As frequentes altera\u00e7\u00f5es da legisla\u00e7\u00e3o fiscal podem provocar interpreta\u00e7\u00f5es erradas dos procedimentos tribut\u00e1rios. Cabe ao Departamento Fiscal do Deport orientar seus clientes para obter uma melhor posi\u00e7\u00e3o dentro das normas legais e das pr\u00e1ticas comerciais.<\/em><\/p>\n<p><strong style=\"color: #9a9a9a;\">\u2022 LIVROS FISCAIS<\/strong><br \/>\n<strong style=\"color: #9a9a9a;\">\u2022 GUIAS DE IMPOSTOS\/TRIBUTOS<\/strong><br \/>\n<strong style=\"color: #9a9a9a;\">\u2022 GUIAS DE INFORMA\u00c7\u00c3O MENSAL E ANUAL<\/strong><br \/>\n<strong style=\"color: #9a9a9a;\">\u2022 SINTEGRA<\/strong><br \/>\n<strong style=\"color: #9a9a9a;\">\u2022 DCTF<\/strong><br \/>\n<strong style=\"color: #9a9a9a;\">\u2022 DACON<\/strong><br \/>\n<strong style=\"color: #9a9a9a;\">\u2022 DIRF<\/strong> <\/div><div class=\"clear\"><\/div><\/div>[\/vc_column][vc_column column_padding=&#8221;padding-7-percent&#8221; column_padding_position=&#8221;all&#8221; background_color=&#8221;#ebebeb&#8221; background_color_opacity=&#8221;1&#8243; background_hover_color_opacity=&#8221;1&#8243; column_link_target=&#8221;_self&#8221; column_shadow=&#8221;none&#8221; column_border_radius=&#8221;5px&#8221; width=&#8221;1\/2&#8243; tablet_width_inherit=&#8221;default&#8221; tablet_text_alignment=&#8221;default&#8221; phone_text_alignment=&#8221;default&#8221; column_border_width=&#8221;8px&#8221; column_border_color=&#8221;#f8f8f8&#8243;]<div class=\"iwithtext\"><div class=\"iwt-icon\"> <i class=\"icon-default-style icon-group extra-color-2\"><\/i> <\/div><div class=\"iwt-text\"> \n<h3>Gest\u00e3o de Pessoas<\/h3>\n<p><em>A Deport Contabilidade, sempre em parceria com o cliente, cuida dos assuntos relacionados ao quadro funcional, prevendo os procedimentos necess\u00e1rios para o bom funcionamento de cada estrutura.<\/em><\/p>\n<p><strong style=\"color: #9a9a9a;\">\u2022 ADMISS\u00d5ES<\/strong><br \/>\n<strong style=\"color: #9a9a9a;\">\u2022 RESCIS\u00d5ES<\/strong><br \/>\n<strong style=\"color: #9a9a9a;\">\u2022 CAGED<\/strong><br \/>\n<strong style=\"color: #9a9a9a;\">\u2022 F\u00c9RIAS<\/strong><br \/>\n<strong style=\"color: #9a9a9a;\">\u2022 13\u00ba SAL\u00c1RIO<\/strong><br \/>\n<strong style=\"color: #9a9a9a;\">\u2022 RAIS<\/strong> <\/div><div class=\"clear\"><\/div><\/div>[\/vc_column][\/vc_row]\n","protected":false},"excerpt":{"rendered":"<p>[vc_row type=&#8221;in_container&#8221; full_screen_row_position=&#8221;middle&#8221; scene_position=&#8221;center&#8221; text_color=&#8221;dark&#8221; text_align=&#8221;left&#8221; overlay_strength=&#8221;0.3&#8243; shape_divider_position=&#8221;bottom&#8221; shape_type=&#8221;&#8221;][vc_column enable_animation=&#8221;true&#8221; animation=&#8221;fade-in&#8221; column_padding=&#8221;no-extra-padding&#8221; column_padding_position=&#8221;all&#8221; background_color_opacity=&#8221;1&#8243; background_hover_color_opacity=&#8221;1&#8243; column_link_target=&#8221;_self&#8221; column_shadow=&#8221;none&#8221; column_border_radius=&#8221;none&#8221; width=&#8221;1\/1&#8243; tablet_width_inherit=&#8221;default&#8221; tablet_text_alignment=&#8221;default&#8221; phone_text_alignment=&#8221;default&#8221; column_border_width=&#8221;none&#8221; column_border_style=&#8221;solid&#8221;][\/vc_column][\/vc_row][vc_row type=&#8221;full_width_content&#8221; full_screen_row_position=&#8221;middle&#8221; scene_position=&#8221;center&#8221; text_color=&#8221;dark&#8221; text_align=&#8221;left&#8221; top_padding=&#8221;40&#8243;&#8230;<\/p>\n","protected":false},"author":1,"featured_media":0,"parent":0,"menu_order":0,"comment_status":"closed","ping_status":"closed","template":"","meta":[],"_links":{"self":[{"href":"https:\/\/deport.com.br\/site\/wp-json\/wp\/v2\/pages\/1216"}],"collection":[{"href":"https:\/\/deport.com.br\/site\/wp-json\/wp\/v2\/pages"}],"about":[{"href":"https:\/\/deport.com.br\/site\/wp-json\/wp\/v2\/types\/page"}],"author":[{"embeddable":true,"href":"https:\/\/deport.com.br\/site\/wp-json\/wp\/v2\/users\/1"}],"replies":[{"embeddable":true,"href":"https:\/\/deport.com.br\/site\/wp-json\/wp\/v2\/comments?post=1216"}],"version-history":[{"count":41,"href":"https:\/\/deport.com.br\/site\/wp-json\/wp\/v2\/pages\/1216\/revisions"}],"predecessor-version":[{"id":1381,"href":"https:\/\/deport.com.br\/site\/wp-json\/wp\/v2\/pages\/1216\/revisions\/1381"}],"wp:attachment":[{"href":"https:\/\/deport.com.br\/site\/wp-json\/wp\/v2\/media?parent=1216"}],"curies":[{"name":"wp","href":"https:\/\/api.w.org\/{rel}","templated":true}]}}