{"id":551,"date":"2013-06-26T22:56:49","date_gmt":"2013-06-26T22:56:49","guid":{"rendered":"http:\/\/localhost\/wordpress-3-5\/?page_id=551"},"modified":"2021-12-22T19:07:30","modified_gmt":"2021-12-22T19:07:30","slug":"home-extended","status":"publish","type":"page","link":"https:\/\/deport.com.br\/site\/","title":{"rendered":"Home &#8211; Landing Page"},"content":{"rendered":"[vc_row type=&#8221;in_container&#8221; full_screen_row_position=&#8221;middle&#8221; scene_position=&#8221;center&#8221; text_color=&#8221;dark&#8221; text_align=&#8221;left&#8221; top_padding=&#8221;0&#8243; bottom_padding=&#8221;0&#8243; overlay_strength=&#8221;0.3&#8243; shape_divider_position=&#8221;bottom&#8221;][vc_column enable_animation=&#8221;true&#8221; animation=&#8221;fade-in&#8221; column_padding=&#8221;no-extra-padding&#8221; column_padding_position=&#8221;all&#8221; background_color_opacity=&#8221;1&#8243; background_hover_color_opacity=&#8221;1&#8243; column_link_target=&#8221;_self&#8221; column_shadow=&#8221;none&#8221; column_border_radius=&#8221;none&#8221; width=&#8221;1\/1&#8243; tablet_width_inherit=&#8221;default&#8221; tablet_text_alignment=&#8221;default&#8221; phone_text_alignment=&#8221;default&#8221; column_border_width=&#8221;none&#8221; column_border_style=&#8221;solid&#8221;]<div data-midnight=\"nectar-slider\" class=\"parallax_slider_outer \" style=\"min-height: 350px; height: calc( 500 * 100vw \/ 1600 );\"><div  data-transition=\"slide\" data-overall_style=\"classic\" data-flexible-height=\"true\" data-animate-in-effect=\"none\" data-fullscreen=\"false\" data-button-sizing=\"regular\" data-button-styling=\"btn_with_count\" data-autorotate=\"\" data-parallax=\"true\" data-parallax-disable-mobile=\"true\" data-caption-trans=\"fade_in_from_bottom\" data-parallax-style=\"bg_only\" data-bg-animation=\"none\" data-full-width=\"true\" class=\"nectar-slider-wrap \" id=\"ns-id-69d39c9beb2f5\" style=\"min-height: 350px; height: calc( 500 * 100vw \/ 1600 );\"><div class=\"swiper-container\" style=\"min-height: 350px; height: calc( 500 * 100vw \/ 1600 );\"  data-tho=\"32\" data-tco=\"14\" data-pho=\"32\" data-pco=\"14\" data-loop=\"false\" data-height=\"500\" data-min-height=\"350\" data-arrows=\"false\" data-bullets=\"false\" data-bullet_style=\"see_through\" data-bullet_position=\"bottom\" data-desktop-swipe=\"false\" data-settings=\"\"> <div class=\"swiper-wrapper\"><div class=\"swiper-slide\" data-desktop-content-width=\"auto\" data-tablet-content-width=\"auto\" data-bg-alignment=\"center\" data-color-scheme=\"light\" data-x-pos=\"centered\" data-y-pos=\"middle\" style=\"min-height: 350px; height: calc( 500 * 100vw \/ 1600 );\"> \n\t\t\t\t\t\t\t\t<div class=\"slide-bg-wrap\"><div class=\"image-bg\" style=\"background-image: url(https:\/\/deport.com.br\/site\/wp-content\/uploads\/2018\/09\/bg.jpg);\"> &nbsp; <\/div><\/div><div class=\"container\">\n\t\t\t\t\t\t\t\t\t<div class=\"content\"><h2>H\u00c1 50 ANOS ATUANDO<\/br>COM SUCESSO E DEDICA\u00c7\u00c3O<\/h2><p  ><span>Confie a contabilidade de sua empresa a quem oferece qualidade e seguran\u00e7a.<\/span><\/p><div class=\"buttons\"><div class=\"button solid_color\">\n\t\t\t\t\t\t\t\t\t\t\t\t \t\t <a class=\"extra-color-2\" href=\"http:\/\/deport.com.br\/site\/empresa\/\">SAIBA MAIS<\/a>\n\t\t\t\t\t\t\t\t\t\t\t\t \t <\/div><\/div><\/div>\n\t\t\t\t\t\t\t\t<\/div><!--\/container--><div class=\"video-texture \"> <span class=\"ie-fix\"><\/span> <\/div><\/div> <!--\/swiper-slide--><\/div><div class=\"nectar-slider-loading \"> <span class=\"loading-icon none\">   <\/span> <\/div> <\/div> \n\t\t\t\t\n\t\t\t<\/div><\/div>[\/vc_column][\/vc_row][vc_row type=&#8221;full_width_background&#8221; full_screen_row_position=&#8221;middle&#8221; bg_color=&#8221;#ffffff&#8221; scene_position=&#8221;center&#8221; text_color=&#8221;dark&#8221; text_align=&#8221;left&#8221; top_padding=&#8221;60&#8243; bottom_padding=&#8221;40&#8243; color_overlay=&#8221;#fffffff&#8221; overlay_strength=&#8221;0.3&#8243; shape_divider_position=&#8221;bottom&#8221; shape_type=&#8221;&#8221;][vc_column column_padding=&#8221;no-extra-padding&#8221; column_padding_position=&#8221;all&#8221; background_color_opacity=&#8221;1&#8243; background_hover_color_opacity=&#8221;1&#8243; column_link_target=&#8221;_self&#8221; column_shadow=&#8221;none&#8221; column_border_radius=&#8221;none&#8221; width=&#8221;1\/3&#8243; tablet_width_inherit=&#8221;default&#8221; tablet_text_alignment=&#8221;default&#8221; phone_text_alignment=&#8221;default&#8221; column_border_width=&#8221;none&#8221; column_border_style=&#8221;solid&#8221;]<div class=\"divider-wrap\" data-alignment=\"default\"><div style=\"margin-top: 12px; height: 1px; margin-bottom: 12px;\" data-width=\"100%\" data-animate=\"\" data-animation-delay=\"\" data-color=\"default\" class=\"divider-border\"><\/div><\/div>[\/vc_column][vc_column column_padding=&#8221;no-extra-padding&#8221; column_padding_position=&#8221;all&#8221; background_color_opacity=&#8221;1&#8243; background_hover_color_opacity=&#8221;1&#8243; column_link_target=&#8221;_self&#8221; column_shadow=&#8221;none&#8221; column_border_radius=&#8221;none&#8221; width=&#8221;1\/3&#8243; tablet_width_inherit=&#8221;default&#8221; tablet_text_alignment=&#8221;default&#8221; phone_text_alignment=&#8221;default&#8221; column_border_width=&#8221;none&#8221; column_border_style=&#8221;solid&#8221;][vc_column_text]\n<h4 style=\"text-align: center;\">SERVI\u00c7OS<\/h4>\n[\/vc_column_text][\/vc_column][vc_column column_padding=&#8221;no-extra-padding&#8221; column_padding_position=&#8221;all&#8221; background_color_opacity=&#8221;1&#8243; background_hover_color_opacity=&#8221;1&#8243; column_link_target=&#8221;_self&#8221; column_shadow=&#8221;none&#8221; column_border_radius=&#8221;none&#8221; width=&#8221;1\/3&#8243; tablet_width_inherit=&#8221;default&#8221; tablet_text_alignment=&#8221;default&#8221; phone_text_alignment=&#8221;default&#8221; column_border_width=&#8221;none&#8221; column_border_style=&#8221;solid&#8221;]<div class=\"divider-wrap\" data-alignment=\"default\"><div style=\"margin-top: 12px; height: 1px; margin-bottom: 12px;\" data-width=\"100%\" data-animate=\"\" data-animation-delay=\"\" data-color=\"default\" class=\"divider-border\"><\/div><\/div>[\/vc_column][\/vc_row][full_width_section background_color=&#8221;#fdfdfd&#8221; text_color=&#8221;dark&#8221; top_padding=&#8221;20&#8243; bottom_padding=&#8221;60&#8243;]<div class=\"col span_3 has-animation\" data-animation=\"fade-in\" data-delay=\"0\">[vc_column_text]<i class=\"icon-3x alt-style icon-usd extra-color-1\"><\/i>[\/vc_column_text]<div class=\"divider-wrap\" data-alignment=\"default\"><div style=\"height: 25px;\" class=\"divider\"><\/div><\/div>[vc_custom_heading text=&#8221;Diagn\u00f3stico e apresenta\u00e7\u00e3o de solu\u00e7\u00f5es&#8221; font_container=&#8221;tag:h3|text_align:left|color:%23144f36&#8243; use_theme_fonts=&#8221;yes&#8221;]<div class=\"divider-wrap\" data-alignment=\"default\"><div style=\"margin-top: 12px; width: 20%px; height: 1px; margin-bottom: 12px;\" data-width=\"20%\" data-animate=\"yes\" data-animation-delay=\"\" data-color=\"accent-color\" class=\"divider-small-border\"><\/div><\/div>[split_line_heading]\n<p style=\"text-align: left; color: #9a9a9a;\">\u2022 CONSTITUI\u00c7\u00c3O DE EMPRESAS<\/p>\n<p style=\"text-align: left; color: #9a9a9a;\">\u2022 ALTERA\u00c7\u00d5ES<\/p>\n<p style=\"text-align: left; color: #9a9a9a;\">\u2022 DISSOLU\u00c7\u00d5ES<\/p>\n[\/split_line_heading]<\/div><div class=\"col span_3 has-animation\" data-animation=\"fade-in\" data-delay=\"0\">[vc_column_text]<i class=\"icon-3x alt-style  icon-laptop extra-color-1\"><\/i>[\/vc_column_text]<div class=\"divider-wrap\" data-alignment=\"default\"><div style=\"height: 25px;\" class=\"divider\"><\/div><\/div>[vc_custom_heading text=&#8221;An\u00e1lise dos processos&#8221; font_container=&#8221;tag:h3|text_align:left|color:%23144f36&#8243; use_theme_fonts=&#8221;yes&#8221;]<div class=\"divider-wrap\" data-alignment=\"default\"><div style=\"margin-top: 12px; width: 20%px; height: 1px; margin-bottom: 12px;\" data-width=\"20%\" data-animate=\"yes\" data-animation-delay=\"\" data-color=\"accent-color\" class=\"divider-small-border\"><\/div><\/div>[split_line_heading]\n<p style=\"text-align: left; color: #9a9a9a;\">\u2022 BALANCETES MENSAIS<\/p>\n<p style=\"text-align: left; color: #9a9a9a;\">\u2022 BALAN\u00c7O PATRIMONIAL<\/p>\n<p style=\"text-align: left; color: #9a9a9a;\">\u2022 DIPJ<\/p>\n<p style=\"text-align: left; color: #9a9a9a;\">\u2022 RELAT\u00d3RIO GERENCIAIS<\/p>\n[\/split_line_heading]<\/div><div class=\"col span_3 has-animation\" data-animation=\"fade-in\" data-delay=\"0\">[vc_column_text]<i class=\"icon-3x alt-style  icon-file-text extra-color-1\"><\/i>[\/vc_column_text]<div class=\"divider-wrap\" data-alignment=\"default\"><div style=\"height: 25px;\" class=\"divider\"><\/div><\/div>[vc_custom_heading text=&#8221;Atualiza\u00e7\u00e3o constante&#8221; font_container=&#8221;tag:h3|text_align:left|color:%23144f36&#8243; use_theme_fonts=&#8221;yes&#8221;]<div class=\"divider-wrap\" data-alignment=\"default\"><div style=\"margin-top: 12px; width: 20%px; height: 1px; margin-bottom: 12px;\" data-width=\"20%\" data-animate=\"yes\" data-animation-delay=\"\" data-color=\"accent-color\" class=\"divider-small-border\"><\/div><\/div>[split_line_heading]\n<p style=\"text-align: left; color: #9a9a9a;\">\u2022 LIVROS FISCAIS<\/p>\n<p style=\"text-align: left; color: #9a9a9a;\">\u2022 GUIAS DE IMPOSTOS\/TRIBUTOS<\/p>\n<p style=\"text-align: left; color: #9a9a9a;\">\u2022 GUIAS DE INFORMA\u00c7\u00c3O MENSAL E ANUAL<\/p>\n<p style=\"text-align: left; color: #9a9a9a;\">\u2022 SINTEGRA<\/p>\n<p style=\"text-align: left; color: #9a9a9a;\">\u2022 DCTF \u2022 DACON \u2022 DIRF<\/p>\n[\/split_line_heading]<\/div><div class=\"col span_3 col_last has-animation\" data-animation=\"fade-in\" data-delay=\"0\">[vc_column_text]<i class=\"icon-3x alt-style icon-group extra-color-1\"><\/i>[\/vc_column_text]<div class=\"divider-wrap\" data-alignment=\"default\"><div style=\"height: 25px;\" class=\"divider\"><\/div><\/div>[vc_custom_heading text=&#8221;Gest\u00e3o de Pessoas&#8221; font_container=&#8221;tag:h3|text_align:left|color:%23144f36&#8243; use_theme_fonts=&#8221;yes&#8221;]<div class=\"divider-wrap\" data-alignment=\"default\"><div style=\"margin-top: 12px; width: 20%px; height: 1px; margin-bottom: 12px;\" data-width=\"20%\" data-animate=\"yes\" data-animation-delay=\"\" data-color=\"accent-color\" class=\"divider-small-border\"><\/div><\/div>[split_line_heading]\n<p style=\"text-align: left; color: #9a9a9a;\">\u2022 ADMISS\u00d5ES<\/p>\n<p style=\"text-align: left; color: #9a9a9a;\">\u2022 RESCIS\u00d5ES<\/p>\n<p style=\"text-align: left; color: #9a9a9a;\">\u2022 CAGED<\/p>\n<p style=\"text-align: left; color: #9a9a9a;\">\u2022 F\u00c9RIAS<\/p>\n<p style=\"text-align: left; color: #9a9a9a;\">\u2022 13\u00ba SAL\u00c1RIO<\/p>\n<p style=\"text-align: left; color: #9a9a9a;\">\u2022 RAIS<\/p>\n[\/split_line_heading]<\/div><div class=\"clear\"><\/div>[\/full_width_section][vc_row type=&#8221;full_width_background&#8221; full_screen_row_position=&#8221;middle&#8221; bg_image=&#8221;1140&#8243; bg_position=&#8221;center center&#8221; bg_repeat=&#8221;no-repeat&#8221; parallax_bg=&#8221;true&#8221; parallax_bg_speed=&#8221;fixed&#8221; scene_position=&#8221;center&#8221; text_color=&#8221;custom&#8221; custom_text_color=&#8221;#108a4c&#8221; text_align=&#8221;left&#8221; top_padding=&#8221;100&#8243; bottom_padding=&#8221;100&#8243; overlay_strength=&#8221;0.3&#8243; shape_divider_position=&#8221;bottom&#8221; shape_type=&#8221;&#8221;][vc_column column_padding=&#8221;no-extra-padding&#8221; column_padding_position=&#8221;all&#8221; background_color_opacity=&#8221;1&#8243; background_hover_color_opacity=&#8221;1&#8243; column_link_target=&#8221;_self&#8221; column_shadow=&#8221;none&#8221; column_border_radius=&#8221;none&#8221; width=&#8221;1\/1&#8243; tablet_width_inherit=&#8221;default&#8221; tablet_text_alignment=&#8221;default&#8221; phone_text_alignment=&#8221;default&#8221; column_border_width=&#8221;none&#8221; column_border_style=&#8221;solid&#8221;][vc_column_text]\n<h2 style=\"text-align: center;\">A DEPORT CONTABILIDADE \u00c9 UMA EMPRESA DE PRESTA\u00c7\u00c3O DE SERVI\u00c7OS CONT\u00c1BEIS, FISCAIS, TRABALHISTAS E SOCIET\u00c1RIOS<\/h2>\n[\/vc_column_text]<div class=\"divider-wrap\" data-alignment=\"default\"><div style=\"height: 25px;\" class=\"divider\"><\/div><\/div>[vc_column_text]\n<h5 style=\"text-align: center; color: #144f36;\"><em>A Deport Contabilidade est\u00e1 h\u00e1 mais de 50 anos no mercado de servi\u00e7os nas \u00e1reas cont\u00e1bil, <\/em><em>fiscal, <\/em><\/h5>\n<h5 style=\"text-align: center; color: #144f36;\"><em>trabalhista\/previdenci\u00e1ria e societ\u00e1ria, direcionado ao segmento empresarial, que busca na informa\u00e7\u00e3o <\/em><\/h5>\n<h5 style=\"text-align: center; color: #144f36;\"><em>cont\u00e1bil a base do controle gerencial e do planejamento tribut\u00e1rio.<\/em><\/h5>\n[\/vc_column_text][\/vc_column][\/vc_row][vc_row type=&#8221;full_width_background&#8221; full_screen_row_position=&#8221;middle&#8221; bg_color=&#8221;#ffffff&#8221; scene_position=&#8221;center&#8221; text_color=&#8221;dark&#8221; text_align=&#8221;left&#8221; top_padding=&#8221;60&#8243; bottom_padding=&#8221;40&#8243; color_overlay=&#8221;#fffffff&#8221; overlay_strength=&#8221;0.3&#8243; shape_divider_position=&#8221;bottom&#8221; shape_type=&#8221;&#8221;][vc_column column_padding=&#8221;no-extra-padding&#8221; column_padding_position=&#8221;all&#8221; background_color_opacity=&#8221;1&#8243; background_hover_color_opacity=&#8221;1&#8243; column_link_target=&#8221;_self&#8221; column_shadow=&#8221;none&#8221; column_border_radius=&#8221;none&#8221; width=&#8221;1\/3&#8243; tablet_width_inherit=&#8221;default&#8221; tablet_text_alignment=&#8221;default&#8221; phone_text_alignment=&#8221;default&#8221; column_border_width=&#8221;none&#8221; column_border_style=&#8221;solid&#8221;]<div class=\"divider-wrap\" data-alignment=\"default\"><div style=\"margin-top: 12px; height: 1px; margin-bottom: 12px;\" data-width=\"100%\" data-animate=\"\" data-animation-delay=\"\" data-color=\"default\" class=\"divider-border\"><\/div><\/div>[\/vc_column][vc_column column_padding=&#8221;no-extra-padding&#8221; column_padding_position=&#8221;all&#8221; background_color_opacity=&#8221;1&#8243; background_hover_color_opacity=&#8221;1&#8243; column_link_target=&#8221;_self&#8221; column_shadow=&#8221;none&#8221; column_border_radius=&#8221;none&#8221; width=&#8221;1\/3&#8243; tablet_width_inherit=&#8221;default&#8221; tablet_text_alignment=&#8221;default&#8221; phone_text_alignment=&#8221;default&#8221; column_border_width=&#8221;none&#8221; column_border_style=&#8221;solid&#8221;][vc_column_text]\n<h4 style=\"text-align: center;\">BLOG<\/h4>\n[\/vc_column_text][\/vc_column][vc_column column_padding=&#8221;no-extra-padding&#8221; column_padding_position=&#8221;all&#8221; background_color_opacity=&#8221;1&#8243; background_hover_color_opacity=&#8221;1&#8243; column_link_target=&#8221;_self&#8221; column_shadow=&#8221;none&#8221; column_border_radius=&#8221;none&#8221; width=&#8221;1\/3&#8243; tablet_width_inherit=&#8221;default&#8221; tablet_text_alignment=&#8221;default&#8221; phone_text_alignment=&#8221;default&#8221; column_border_width=&#8221;none&#8221; column_border_style=&#8221;solid&#8221;]<div class=\"divider-wrap\" data-alignment=\"default\"><div style=\"margin-top: 12px; height: 1px; margin-bottom: 12px;\" data-width=\"100%\" data-animate=\"\" data-animation-delay=\"\" data-color=\"default\" class=\"divider-border\"><\/div><\/div>[\/vc_column][\/vc_row][vc_row type=&#8221;in_container&#8221; full_screen_row_position=&#8221;middle&#8221; scene_position=&#8221;center&#8221; text_color=&#8221;dark&#8221; text_align=&#8221;left&#8221; overlay_strength=&#8221;0.3&#8243; shape_divider_position=&#8221;bottom&#8221;][vc_column column_padding=&#8221;no-extra-padding&#8221; column_padding_position=&#8221;all&#8221; background_color_opacity=&#8221;1&#8243; background_hover_color_opacity=&#8221;1&#8243; column_link_target=&#8221;_self&#8221; column_shadow=&#8221;none&#8221; column_border_radius=&#8221;none&#8221; width=&#8221;1\/1&#8243; tablet_width_inherit=&#8221;default&#8221; tablet_text_alignment=&#8221;default&#8221; phone_text_alignment=&#8221;default&#8221; column_border_width=&#8221;none&#8221; column_border_style=&#8221;solid&#8221;]\t\t\t<div class=\"row blog-recent columns-3\" data-style=\"list_featured_first_row\" data-color-scheme=\"light\">\n\t\t\t\t\n\t\t\t\t\n\t\t\t\t<div class=\"col span_4 post-2304 post type-post status-publish format-standard has-post-thumbnail category-50-anos\" >\n\t\t\t\t\t\n\t\t\t\t\t              \n              <a class=\"full-post-link\" href=\"https:\/\/deport.com.br\/site\/dezembro-de-2022-amor-e-voluntariado-e-o-natal-da-deport\/\"><\/a><a class=\"featured\" href=\"https:\/\/deport.com.br\/site\/dezembro-de-2022-amor-e-voluntariado-e-o-natal-da-deport\/\"><img width=\"600\" height=\"403\" src=\"https:\/\/deport.com.br\/site\/wp-content\/uploads\/2022\/12\/2014-600x403.jpg\" class=\"attachment-portfolio-thumb size-portfolio-thumb wp-post-image\" alt=\"\" loading=\"lazy\" title=\"\" srcset=\"https:\/\/deport.com.br\/site\/wp-content\/uploads\/2022\/12\/2014-600x403.jpg 600w, https:\/\/deport.com.br\/site\/wp-content\/uploads\/2022\/12\/2014-400x269.jpg 400w\" sizes=\"(max-width: 600px) 100vw, 600px\" \/><\/a>\t\t\t\t\t\t\t<div class=\"post-header featured\">\n\t\t\t\t\t\t\t\t\n                <span class=\"meta-category\"><a class=\"50-anos\" href=\"https:\/\/deport.com.br\/site\/category\/50-anos\/\">50 Anos<\/a><\/span>\t\t\t\t\t\t\t\t<h3> <a href=\"https:\/\/deport.com.br\/site\/dezembro-de-2022-amor-e-voluntariado-e-o-natal-da-deport\/\">Dezembro de 2022 | Amor e voluntariado \u00e9 o Natal da Deport<\/a><\/h3>                  \n\t\t\t\t\t\t\t<\/div><!--\/post-header-->\n              \n              <div class=\"excerpt\">Chegou o \u00faltimo m\u00eas do ano, \u00e9 aquele momento que olhamos para tr\u00e1s, fazemos o&hellip;<\/div>\t\t\t\t\t\n\t\t\t\t<\/div><!--\/col-->\n\t\t\t\t\n\t\t\t\t\n\t\t\t\t<div class=\"col span_4 post-2279 post type-post status-publish format-standard has-post-thumbnail category-sem-categoria\" >\n\t\t\t\t\t\n\t\t\t\t\t              \n              <a class=\"full-post-link\" href=\"https:\/\/deport.com.br\/site\/novembro-2022-a-vida-e-uma-festa\/\"><\/a><a class=\"featured\" href=\"https:\/\/deport.com.br\/site\/novembro-2022-a-vida-e-uma-festa\/\"><img width=\"600\" height=\"403\" src=\"https:\/\/deport.com.br\/site\/wp-content\/uploads\/2022\/11\/doc10062820221031143429-02-600x403.jpg\" class=\"attachment-portfolio-thumb size-portfolio-thumb wp-post-image\" alt=\"\" loading=\"lazy\" title=\"\" srcset=\"https:\/\/deport.com.br\/site\/wp-content\/uploads\/2022\/11\/doc10062820221031143429-02-600x403.jpg 600w, https:\/\/deport.com.br\/site\/wp-content\/uploads\/2022\/11\/doc10062820221031143429-02-400x269.jpg 400w\" sizes=\"(max-width: 600px) 100vw, 600px\" \/><\/a>\t\t\t\t\t\t\t<div class=\"post-header featured\">\n\t\t\t\t\t\t\t\t\n                <span class=\"meta-category\"><a class=\"sem-categoria\" href=\"https:\/\/deport.com.br\/site\/category\/sem-categoria\/\">Sem categoria<\/a><\/span>\t\t\t\t\t\t\t\t<h3> <a href=\"https:\/\/deport.com.br\/site\/novembro-2022-a-vida-e-uma-festa\/\">Novembro 2022 | A vida \u00e9 uma festa<\/a><\/h3>                  \n\t\t\t\t\t\t\t<\/div><!--\/post-header-->\n              \n              <div class=\"excerpt\">E para comprovar isso pode se dizer que na Deport aconteceram muitas festas durante estes&hellip;<\/div>\t\t\t\t\t\n\t\t\t\t<\/div><!--\/col-->\n\t\t\t\t\n\t\t\t\t\n\t\t\t\t<div class=\"col span_4 post-2246 post type-post status-publish format-standard has-post-thumbnail category-sem-categoria\" >\n\t\t\t\t\t\n\t\t\t\t\t              \n              <a class=\"full-post-link\" href=\"https:\/\/deport.com.br\/site\/outubro-2022-uma-verdadeira-familia-assim-e-a-deport-ultrapassando-o-sentido-de-equipe\/\"><\/a><a class=\"featured\" href=\"https:\/\/deport.com.br\/site\/outubro-2022-uma-verdadeira-familia-assim-e-a-deport-ultrapassando-o-sentido-de-equipe\/\"><img width=\"600\" height=\"403\" src=\"https:\/\/deport.com.br\/site\/wp-content\/uploads\/2022\/09\/Equipe-2010-02-2-600x403.jpg\" class=\"attachment-portfolio-thumb size-portfolio-thumb wp-post-image\" alt=\"\" loading=\"lazy\" title=\"\" srcset=\"https:\/\/deport.com.br\/site\/wp-content\/uploads\/2022\/09\/Equipe-2010-02-2-600x403.jpg 600w, https:\/\/deport.com.br\/site\/wp-content\/uploads\/2022\/09\/Equipe-2010-02-2-400x269.jpg 400w\" sizes=\"(max-width: 600px) 100vw, 600px\" \/><\/a>\t\t\t\t\t\t\t<div class=\"post-header featured\">\n\t\t\t\t\t\t\t\t\n                <span class=\"meta-category\"><a class=\"sem-categoria\" href=\"https:\/\/deport.com.br\/site\/category\/sem-categoria\/\">Sem categoria<\/a><\/span>\t\t\t\t\t\t\t\t<h3> <a href=\"https:\/\/deport.com.br\/site\/outubro-2022-uma-verdadeira-familia-assim-e-a-deport-ultrapassando-o-sentido-de-equipe\/\">Outubro 2022 | Uma verdadeira fam\u00edlia, assim \u00e9 a Deport, ultrapassando o sentido de equipe<\/a><\/h3>                  \n\t\t\t\t\t\t\t<\/div><!--\/post-header-->\n              \n              <div class=\"excerpt\">Segundo o dicion\u00e1rio equipe \u00e9 um: conjunto de pessoas que se dedicam \u00e0 realiza\u00e7\u00e3o de&hellip;<\/div>\t\t\t\t\t\n\t\t\t\t<\/div><!--\/col-->\n\t\t\t\t\n\t\t\t\t\t\t\n\t\t\t<\/div><!--\/blog-recent-->\n\t\t\n\t\t[\/vc_column][\/vc_row]\n","protected":false},"excerpt":{"rendered":"<p>[vc_row type=&#8221;in_container&#8221; full_screen_row_position=&#8221;middle&#8221; scene_position=&#8221;center&#8221; text_color=&#8221;dark&#8221; text_align=&#8221;left&#8221; top_padding=&#8221;0&#8243; bottom_padding=&#8221;0&#8243; overlay_strength=&#8221;0.3&#8243; shape_divider_position=&#8221;bottom&#8221;][vc_column enable_animation=&#8221;true&#8221; animation=&#8221;fade-in&#8221; column_padding=&#8221;no-extra-padding&#8221; column_padding_position=&#8221;all&#8221; background_color_opacity=&#8221;1&#8243; background_hover_color_opacity=&#8221;1&#8243; column_link_target=&#8221;_self&#8221; column_shadow=&#8221;none&#8221; column_border_radius=&#8221;none&#8221; width=&#8221;1\/1&#8243; tablet_width_inherit=&#8221;default&#8221; tablet_text_alignment=&#8221;default&#8221; phone_text_alignment=&#8221;default&#8221; column_border_width=&#8221;none&#8221; column_border_style=&#8221;solid&#8221;][\/vc_column][\/vc_row][vc_row type=&#8221;full_width_background&#8221; full_screen_row_position=&#8221;middle&#8221; bg_color=&#8221;#ffffff&#8221; scene_position=&#8221;center&#8221; text_color=&#8221;dark&#8221;&#8230;<\/p>\n","protected":false},"author":1,"featured_media":0,"parent":0,"menu_order":0,"comment_status":"closed","ping_status":"closed","template":"","meta":[],"_links":{"self":[{"href":"https:\/\/deport.com.br\/site\/wp-json\/wp\/v2\/pages\/551"}],"collection":[{"href":"https:\/\/deport.com.br\/site\/wp-json\/wp\/v2\/pages"}],"about":[{"href":"https:\/\/deport.com.br\/site\/wp-json\/wp\/v2\/types\/page"}],"author":[{"embeddable":true,"href":"https:\/\/deport.com.br\/site\/wp-json\/wp\/v2\/users\/1"}],"replies":[{"embeddable":true,"href":"https:\/\/deport.com.br\/site\/wp-json\/wp\/v2\/comments?post=551"}],"version-history":[{"count":139,"href":"https:\/\/deport.com.br\/site\/wp-json\/wp\/v2\/pages\/551\/revisions"}],"predecessor-version":[{"id":1775,"href":"https:\/\/deport.com.br\/site\/wp-json\/wp\/v2\/pages\/551\/revisions\/1775"}],"wp:attachment":[{"href":"https:\/\/deport.com.br\/site\/wp-json\/wp\/v2\/media?parent=551"}],"curies":[{"name":"wp","href":"https:\/\/api.w.org\/{rel}","templated":true}]}}