{"id":994,"date":"2018-09-22T20:26:10","date_gmt":"2018-09-22T20:26:10","guid":{"rendered":"http:\/\/deport.com.br\/site\/?page_id=994"},"modified":"2021-12-22T18:54:27","modified_gmt":"2021-12-22T18:54:27","slug":"empresa","status":"publish","type":"page","link":"https:\/\/deport.com.br\/site\/empresa\/","title":{"rendered":"Empresa"},"content":{"rendered":"[vc_row type=&#8221;in_container&#8221; full_screen_row_position=&#8221;middle&#8221; scene_position=&#8221;center&#8221; text_color=&#8221;dark&#8221; text_align=&#8221;left&#8221; overlay_strength=&#8221;0.3&#8243; shape_divider_position=&#8221;bottom&#8221;][vc_column enable_animation=&#8221;true&#8221; animation=&#8221;fade-in&#8221; column_padding=&#8221;no-extra-padding&#8221; column_padding_position=&#8221;all&#8221; background_color_opacity=&#8221;1&#8243; background_hover_color_opacity=&#8221;1&#8243; column_link_target=&#8221;_self&#8221; column_shadow=&#8221;none&#8221; column_border_radius=&#8221;none&#8221; width=&#8221;1\/1&#8243; tablet_width_inherit=&#8221;default&#8221; tablet_text_alignment=&#8221;default&#8221; phone_text_alignment=&#8221;default&#8221; column_border_width=&#8221;none&#8221; column_border_style=&#8221;solid&#8221;]<div data-midnight=\"nectar-slider\" class=\"parallax_slider_outer \" style=\"min-height: 220px; height: calc( 220 * 100vw \/ 1600 );\"><div  data-transition=\"slide\" data-overall_style=\"classic\" data-flexible-height=\"true\" data-animate-in-effect=\"none\" data-fullscreen=\"false\" data-button-sizing=\"regular\" data-button-styling=\"btn_with_count\" data-autorotate=\"\" data-parallax=\"true\" data-parallax-disable-mobile=\"true\" data-caption-trans=\"fade_in_from_bottom\" data-parallax-style=\"bg_only\" data-bg-animation=\"none\" data-full-width=\"true\" class=\"nectar-slider-wrap \" id=\"ns-id-6a047b915c987\" style=\"min-height: 220px; height: calc( 220 * 100vw \/ 1600 );\"><div class=\"swiper-container\" style=\"min-height: 220px; height: calc( 220 * 100vw \/ 1600 );\"  data-tho=\"32\" data-tco=\"14\" data-pho=\"32\" data-pco=\"14\" data-loop=\"false\" data-height=\"220\" data-min-height=\"220\" data-arrows=\"false\" data-bullets=\"false\" data-bullet_style=\"see_through\" data-bullet_position=\"bottom\" data-desktop-swipe=\"true\" data-settings=\"\"> <div class=\"swiper-wrapper\"><div class=\"swiper-slide\" data-desktop-content-width=\"auto\" data-tablet-content-width=\"auto\" data-bg-alignment=\"center\" data-color-scheme=\"light\" data-x-pos=\"centered\" data-y-pos=\"middle\" style=\"min-height: 220px; height: calc( 220 * 100vw \/ 1600 );\"> \n\t\t\t\t\t\t\t\t<div class=\"slide-bg-wrap\"><div class=\"image-bg\" style=\"background-image: url(https:\/\/deport.com.br\/site\/wp-content\/uploads\/2018\/09\/empresa.jpg);\"> &nbsp; <\/div><div class=\"slide-bg-overlay\" style=\"background-color: #0c0c0c;\"> &nbsp; <\/div><\/div><div class=\"container\">\n\t\t\t\t\t\t\t\t\t<div class=\"content\"><h2>A EMPRESA<\/h2><p  ><span>A Deport Contabilidade \u00e9 uma empresa de presta\u00e7\u00e3o<\/br>de servi\u00e7os cont\u00e1beis, fiscais, trabalhistas e societ\u00e1rios.<\/span><\/p><\/div>\n\t\t\t\t\t\t\t\t<\/div><!--\/container--><div class=\"video-texture \"> <span class=\"ie-fix\"><\/span> <\/div><\/div> <!--\/swiper-slide--><\/div><div class=\"nectar-slider-loading \"> <span class=\"loading-icon none\">   <\/span> <\/div> <\/div> \n\t\t\t\t\n\t\t\t<\/div><\/div>[\/vc_column][\/vc_row][vc_row type=&#8221;in_container&#8221; full_screen_row_position=&#8221;middle&#8221; scene_position=&#8221;center&#8221; text_color=&#8221;dark&#8221; text_align=&#8221;left&#8221; overlay_strength=&#8221;0.3&#8243; shape_divider_position=&#8221;bottom&#8221;][vc_column column_padding=&#8221;padding-8-percent&#8221; column_padding_position=&#8221;top-left&#8221; background_color_opacity=&#8221;1&#8243; background_hover_color_opacity=&#8221;1&#8243; column_link_target=&#8221;_self&#8221; column_shadow=&#8221;none&#8221; column_border_radius=&#8221;none&#8221; top_margin=&#8221;20&#8243; bottom_margin=&#8221;30&#8243; width=&#8221;1\/2&#8243; tablet_width_inherit=&#8221;default&#8221; tablet_text_alignment=&#8221;default&#8221; phone_text_alignment=&#8221;default&#8221; column_border_width=&#8221;none&#8221; column_border_style=&#8221;solid&#8221;][vc_column_text]A Deport Contabilidade \u00e9 uma das empresas de servi\u00e7os cont\u00e1beis mais tradicionais e renomadas da Serra Ga\u00facha.<\/p>\n<p>Fundada em 1972, por An\u00edbal Port e Paulo Roberto Drechsler, se especializou em prestar uma assessoria qualificada e \u00e1gil, satisfazendo as exig\u00eancias de seus clientes nas \u00e1reas cont\u00e1bil, fiscal, trabalhista e tribut\u00e1ria.<\/p>\n<p>Hoje, j\u00e1 s\u00e3o mais de 50 anos de credibilidade, atendendo empresas da regi\u00e3o Serrana e Metropolitana do Rio Grande do Sul, com a mesma solidez que dedica ao mercado de Canela.[\/vc_column_text][\/vc_column][vc_column column_padding=&#8221;padding-8-percent&#8221; column_padding_position=&#8221;top-right&#8221; background_color_opacity=&#8221;1&#8243; background_hover_color_opacity=&#8221;1&#8243; column_link_target=&#8221;_self&#8221; column_shadow=&#8221;none&#8221; column_border_radius=&#8221;none&#8221; top_margin=&#8221;10&#8243; bottom_margin=&#8221;30&#8243; width=&#8221;1\/2&#8243; tablet_width_inherit=&#8221;default&#8221; tablet_text_alignment=&#8221;default&#8221; phone_text_alignment=&#8221;default&#8221; column_border_width=&#8221;none&#8221; column_border_style=&#8221;solid&#8221;][vc_column_text]\n<h3 style=\"color: #144f36;\">Miss\u00e3o<\/h3>\n<h6 style=\"color: #9a9a9a;\">\u201cFornecer solu\u00e7\u00f5es em servi\u00e7os cont\u00e1beis com credibilidade e efici\u00eancia contribuindo para o crescimento dos clientes, a realiza\u00e7\u00e3o dos colaboradores e o desenvolvimento da sociedade.\u201d<\/h6>\n[\/vc_column_text]<div class=\"divider-wrap\" data-alignment=\"default\"><div style=\"height: 40px;\" class=\"divider\"><\/div><\/div>[vc_column_text]\n<h3 style=\"color: #144f36;\">Vis\u00e3o<\/h3>\n<h6 style=\"color: #9a9a9a;\">\u201cSer uma empresa de refer\u00eancia na \u00e1rea cont\u00e1bil com excel\u00eancia na presta\u00e7\u00e3o dos servi\u00e7os.\u201d<\/h6>\n[\/vc_column_text]<div class=\"divider-wrap\" data-alignment=\"default\"><div style=\"height: 40px;\" class=\"divider\"><\/div><\/div>[vc_column_text]\n<h3 style=\"color: #144f36;\">Valores<\/h3>\n<h6 style=\"color: #9a9a9a;\">\u2022 \u00c9tica<br \/>\n\u2022 Responsabilidade social<br \/>\n\u2022 Comprometimento com o cliente<br \/>\n\u2022 Confian\u00e7a<\/h6>\n[\/vc_column_text][\/vc_column][\/vc_row][vc_row type=&#8221;full_width_background&#8221; full_screen_row_position=&#8221;middle&#8221; bg_image=&#8221;1079&#8243; bg_position=&#8221;center center&#8221; bg_repeat=&#8221;no-repeat&#8221; parallax_bg=&#8221;true&#8221; parallax_bg_speed=&#8221;fixed&#8221; scene_position=&#8221;center&#8221; text_color=&#8221;custom&#8221; custom_text_color=&#8221;#108a4c&#8221; text_align=&#8221;center&#8221; top_padding=&#8221;80&#8243; bottom_padding=&#8221;100&#8243; overlay_strength=&#8221;0.3&#8243; shape_divider_position=&#8221;bottom&#8221; shape_type=&#8221;&#8221;][vc_column column_padding=&#8221;padding-8-percent&#8221; column_padding_position=&#8221;left-right&#8221; background_color_opacity=&#8221;1&#8243; background_hover_color_opacity=&#8221;1&#8243; column_link_target=&#8221;_self&#8221; column_shadow=&#8221;none&#8221; column_border_radius=&#8221;none&#8221; width=&#8221;1\/1&#8243; tablet_width_inherit=&#8221;default&#8221; tablet_text_alignment=&#8221;default&#8221; phone_text_alignment=&#8221;default&#8221; column_border_width=&#8221;none&#8221; column_border_style=&#8221;solid&#8221;][vc_column_text]\n<h2 style=\"text-align: center;\">QUALIDADE<\/h2>\n[\/vc_column_text]<div class=\"divider-wrap\" data-alignment=\"default\"><div style=\"height: 25px;\" class=\"divider\"><\/div><\/div>[vc_column_text]\n<h6 style=\"text-align: center; color: #144f36;\"><em>Dentro da sua miss\u00e3o de fornecer solu\u00e7\u00f5es em servi\u00e7os cont\u00e1beis com credibilidade e efici\u00eancia, e visando a melhoria cont\u00ednua,<strong> em 2009 foi feita a ades\u00e3o ao PGQP \u2013 Programa Ga\u00facho de Qualidade e Produtividade,<\/strong> que tem como objetivo desenvolver dentro da organiza\u00e7\u00e3o a excel\u00eancia em Gest\u00e3o, Inova\u00e7\u00e3o, Sustentabilidade, Qualidade e Competitividade. <\/em><\/h6>\n<h6 style=\"text-align: center; color: #144f36;\"><em>Tamb\u00e9m em 2009 foi implantado o\u00a0<\/em><strong><em>Programa de Qualidade 5S, que visa desenvolver dentro da empresa o compromisso com a organiza\u00e7\u00e3o, a sa\u00fade e o bem estar de todos.<\/em><\/strong><\/h6>\n[\/vc_column_text][\/vc_column][\/vc_row]\n","protected":false},"excerpt":{"rendered":"<p>[vc_row type=&#8221;in_container&#8221; full_screen_row_position=&#8221;middle&#8221; scene_position=&#8221;center&#8221; text_color=&#8221;dark&#8221; text_align=&#8221;left&#8221; overlay_strength=&#8221;0.3&#8243; shape_divider_position=&#8221;bottom&#8221;][vc_column enable_animation=&#8221;true&#8221; animation=&#8221;fade-in&#8221; column_padding=&#8221;no-extra-padding&#8221; column_padding_position=&#8221;all&#8221; background_color_opacity=&#8221;1&#8243; background_hover_color_opacity=&#8221;1&#8243; column_link_target=&#8221;_self&#8221; column_shadow=&#8221;none&#8221; column_border_radius=&#8221;none&#8221; width=&#8221;1\/1&#8243; tablet_width_inherit=&#8221;default&#8221; tablet_text_alignment=&#8221;default&#8221; phone_text_alignment=&#8221;default&#8221; column_border_width=&#8221;none&#8221; column_border_style=&#8221;solid&#8221;][\/vc_column][\/vc_row][vc_row type=&#8221;in_container&#8221; full_screen_row_position=&#8221;middle&#8221; scene_position=&#8221;center&#8221; text_color=&#8221;dark&#8221; text_align=&#8221;left&#8221; overlay_strength=&#8221;0.3&#8243; shape_divider_position=&#8221;bottom&#8221;][vc_column&#8230;<\/p>\n","protected":false},"author":1,"featured_media":0,"parent":0,"menu_order":0,"comment_status":"closed","ping_status":"closed","template":"","meta":[],"_links":{"self":[{"href":"https:\/\/deport.com.br\/site\/wp-json\/wp\/v2\/pages\/994"}],"collection":[{"href":"https:\/\/deport.com.br\/site\/wp-json\/wp\/v2\/pages"}],"about":[{"href":"https:\/\/deport.com.br\/site\/wp-json\/wp\/v2\/types\/page"}],"author":[{"embeddable":true,"href":"https:\/\/deport.com.br\/site\/wp-json\/wp\/v2\/users\/1"}],"replies":[{"embeddable":true,"href":"https:\/\/deport.com.br\/site\/wp-json\/wp\/v2\/comments?post=994"}],"version-history":[{"count":42,"href":"https:\/\/deport.com.br\/site\/wp-json\/wp\/v2\/pages\/994\/revisions"}],"predecessor-version":[{"id":1771,"href":"https:\/\/deport.com.br\/site\/wp-json\/wp\/v2\/pages\/994\/revisions\/1771"}],"wp:attachment":[{"href":"https:\/\/deport.com.br\/site\/wp-json\/wp\/v2\/media?parent=994"}],"curies":[{"name":"wp","href":"https:\/\/api.w.org\/{rel}","templated":true}]}}